{"id":1216,"date":"2025-03-05T13:36:19","date_gmt":"2025-03-05T13:36:19","guid":{"rendered":"https:\/\/thegoldencloveririshpub.com\/?page_id=1216"},"modified":"2026-02-12T12:27:49","modified_gmt":"2026-02-12T12:27:49","slug":"menu","status":"publish","type":"page","link":"https:\/\/thegoldencloveririshpub.com\/en\/menu\/","title":{"rendered":"Menu"},"content":{"rendered":"<section class=\"l-section wpb_row us_custom_8b3d6790 has_text_color height_medium\"><div class=\"l-section-overlay\" style=\"background:#000000\"><\/div><div class=\"l-section-h i-cf\"><div class=\"g-cols vc_row via_grid cols_1 laptops-cols_inherit tablets-cols_inherit mobiles-cols_1 valign_top type_default stacking_default\"><div class=\"wpb_column vc_column_container\"><div class=\"vc_column-inner\"><div class=\"w-separator size_medium\"><\/div>[vc_custom_heading source=&#8221;post_title&#8221; use_theme_fonts=&#8221;yes&#8221;]<div class=\"w-separator size_medium\"><\/div><div class=\"w-grid type_grid layout_gallery_default cols_3\" id=\"us_grid_1\" data-filterable=\"true\"><style>#us_grid_1 .w-grid-item{padding:1.5rem}#us_grid_1 .w-grid-list{margin:-1.5rem}.w-grid + #us_grid_1 .w-grid-list,.w-grid-none + #us_grid_1 .w-grid-list{margin-top:1.5rem}@media (max-width:899px){#us_grid_1 .w-grid-item{width:50%}}@media (max-width:599px){#us_grid_1 .w-grid-list{margin:0}#us_grid_1 .w-grid-item{width:100%;padding:0;margin-bottom:1.5rem}}.layout_gallery_default .w-grid-item-h{}<\/style><div class=\"w-grid-list\">\t<article class=\"w-grid-item post-1260 attachment type-attachment status-inherit hentry\" data-id=\"1260\">\r\n\t\t<div class=\"w-grid-item-h\">\r\n\t\t\t\t\t\t\t<a class=\"w-grid-item-anchor\" href=\"https:\/\/thegoldencloveririshpub.com\/wp-content\/uploads\/2026\/02\/Menu-Espanol-pagina-1.png\" ref=\"magnificPopupGrid\" title=\"Men\u00fa Espa\u00f1ol p\u00e1gina 1\"><\/a>\r\n\t\t\t\t\t\t<div class=\"w-post-elm post_image usg_post_image_1 stretched\"><img decoding=\"async\" width=\"724\" height=\"1024\" src=\"https:\/\/thegoldencloveririshpub.com\/wp-content\/uploads\/2026\/02\/Menu-Espanol-pagina-1-724x1024.png\" class=\"attachment-large size-large\" alt=\"\" srcset=\"https:\/\/thegoldencloveririshpub.com\/wp-content\/uploads\/2026\/02\/Menu-Espanol-pagina-1-724x1024.png 724w, https:\/\/thegoldencloveririshpub.com\/wp-content\/uploads\/2026\/02\/Menu-Espanol-pagina-1-212x300.png 212w, https:\/\/thegoldencloveririshpub.com\/wp-content\/uploads\/2026\/02\/Menu-Espanol-pagina-1.png 1240w\" sizes=\"(max-width: 724px) 100vw, 724px\" \/><\/div>\t\t<\/div>\r\n\t<\/article>\r\n\t<article class=\"w-grid-item post-1262 attachment type-attachment status-inherit hentry\" data-id=\"1262\">\r\n\t\t<div class=\"w-grid-item-h\">\r\n\t\t\t\t\t\t\t<a class=\"w-grid-item-anchor\" href=\"https:\/\/thegoldencloveririshpub.com\/wp-content\/uploads\/2026\/02\/Menu-Espanol-pagina-2.png\" ref=\"magnificPopupGrid\" title=\"Men\u00fa Espa\u00f1ol p\u00e1gina 2\"><\/a>\r\n\t\t\t\t\t\t<div class=\"w-post-elm post_image usg_post_image_1 stretched\"><img decoding=\"async\" width=\"724\" height=\"1024\" src=\"https:\/\/thegoldencloveririshpub.com\/wp-content\/uploads\/2026\/02\/Menu-Espanol-pagina-2-724x1024.png\" class=\"attachment-large size-large\" alt=\"\" srcset=\"https:\/\/thegoldencloveririshpub.com\/wp-content\/uploads\/2026\/02\/Menu-Espanol-pagina-2-724x1024.png 724w, https:\/\/thegoldencloveririshpub.com\/wp-content\/uploads\/2026\/02\/Menu-Espanol-pagina-2-212x300.png 212w, https:\/\/thegoldencloveririshpub.com\/wp-content\/uploads\/2026\/02\/Menu-Espanol-pagina-2.png 1240w\" sizes=\"(max-width: 724px) 100vw, 724px\" \/><\/div>\t\t<\/div>\r\n\t<\/article>\r\n\t<article class=\"w-grid-item post-1264 attachment type-attachment status-inherit hentry\" data-id=\"1264\">\r\n\t\t<div class=\"w-grid-item-h\">\r\n\t\t\t\t\t\t\t<a class=\"w-grid-item-anchor\" href=\"https:\/\/thegoldencloveririshpub.com\/wp-content\/uploads\/2026\/02\/Menu-Espanol-pagina-3.png\" ref=\"magnificPopupGrid\" title=\"Men\u00fa Espa\u00f1ol p\u00e1gina 3\"><\/a>\r\n\t\t\t\t\t\t<div class=\"w-post-elm post_image usg_post_image_1 stretched\"><img decoding=\"async\" width=\"724\" height=\"1024\" src=\"https:\/\/thegoldencloveririshpub.com\/wp-content\/uploads\/2026\/02\/Menu-Espanol-pagina-3-724x1024.png\" class=\"attachment-large size-large\" alt=\"\" srcset=\"https:\/\/thegoldencloveririshpub.com\/wp-content\/uploads\/2026\/02\/Menu-Espanol-pagina-3-724x1024.png 724w, https:\/\/thegoldencloveririshpub.com\/wp-content\/uploads\/2026\/02\/Menu-Espanol-pagina-3-212x300.png 212w, https:\/\/thegoldencloveririshpub.com\/wp-content\/uploads\/2026\/02\/Menu-Espanol-pagina-3.png 1240w\" sizes=\"(max-width: 724px) 100vw, 724px\" \/><\/div>\t\t<\/div>\r\n\t<\/article>\r\n\t<article class=\"w-grid-item post-1266 attachment type-attachment status-inherit hentry\" data-id=\"1266\">\r\n\t\t<div class=\"w-grid-item-h\">\r\n\t\t\t\t\t\t\t<a class=\"w-grid-item-anchor\" href=\"https:\/\/thegoldencloveririshpub.com\/wp-content\/uploads\/2026\/02\/Menu-Espanol-pagina-4.png\" ref=\"magnificPopupGrid\" title=\"Men\u00fa Espa\u00f1ol p\u00e1gina 4\"><\/a>\r\n\t\t\t\t\t\t<div class=\"w-post-elm post_image usg_post_image_1 stretched\"><img decoding=\"async\" width=\"724\" height=\"1024\" src=\"https:\/\/thegoldencloveririshpub.com\/wp-content\/uploads\/2026\/02\/Menu-Espanol-pagina-4-724x1024.png\" class=\"attachment-large size-large\" alt=\"\" srcset=\"https:\/\/thegoldencloveririshpub.com\/wp-content\/uploads\/2026\/02\/Menu-Espanol-pagina-4-724x1024.png 724w, https:\/\/thegoldencloveririshpub.com\/wp-content\/uploads\/2026\/02\/Menu-Espanol-pagina-4-212x300.png 212w, https:\/\/thegoldencloveririshpub.com\/wp-content\/uploads\/2026\/02\/Menu-Espanol-pagina-4.png 1240w\" sizes=\"(max-width: 724px) 100vw, 724px\" \/><\/div>\t\t<\/div>\r\n\t<\/article>\r\n\t<article class=\"w-grid-item post-1268 attachment type-attachment status-inherit hentry\" data-id=\"1268\">\r\n\t\t<div class=\"w-grid-item-h\">\r\n\t\t\t\t\t\t\t<a class=\"w-grid-item-anchor\" href=\"https:\/\/thegoldencloveririshpub.com\/wp-content\/uploads\/2026\/02\/Menu-Espanol-pagina-5.png\" ref=\"magnificPopupGrid\" title=\"Men\u00fa Espa\u00f1ol p\u00e1gina 5\"><\/a>\r\n\t\t\t\t\t\t<div class=\"w-post-elm post_image usg_post_image_1 stretched\"><img decoding=\"async\" width=\"724\" height=\"1024\" src=\"https:\/\/thegoldencloveririshpub.com\/wp-content\/uploads\/2026\/02\/Menu-Espanol-pagina-5-724x1024.png\" class=\"attachment-large size-large\" alt=\"\" srcset=\"https:\/\/thegoldencloveririshpub.com\/wp-content\/uploads\/2026\/02\/Menu-Espanol-pagina-5-724x1024.png 724w, https:\/\/thegoldencloveririshpub.com\/wp-content\/uploads\/2026\/02\/Menu-Espanol-pagina-5-212x300.png 212w, https:\/\/thegoldencloveririshpub.com\/wp-content\/uploads\/2026\/02\/Menu-Espanol-pagina-5.png 1240w\" sizes=\"(max-width: 724px) 100vw, 724px\" \/><\/div>\t\t<\/div>\r\n\t<\/article>\r\n\t<article class=\"w-grid-item post-1244 attachment type-attachment status-inherit hentry\" data-id=\"1244\">\r\n\t\t<div class=\"w-grid-item-h\">\r\n\t\t\t\t\t\t\t<a class=\"w-grid-item-anchor\" href=\"https:\/\/thegoldencloveririshpub.com\/wp-content\/uploads\/2026\/02\/Menu-bebidas-pagina-1.png\" ref=\"magnificPopupGrid\" title=\"Men\u00fa bebidas p\u00e1gina 1\"><\/a>\r\n\t\t\t\t\t\t<div class=\"w-post-elm post_image usg_post_image_1 stretched\"><img decoding=\"async\" width=\"724\" height=\"1024\" src=\"https:\/\/thegoldencloveririshpub.com\/wp-content\/uploads\/2026\/02\/Menu-bebidas-pagina-1-724x1024.png\" class=\"attachment-large size-large\" alt=\"\" srcset=\"https:\/\/thegoldencloveririshpub.com\/wp-content\/uploads\/2026\/02\/Menu-bebidas-pagina-1-724x1024.png 724w, https:\/\/thegoldencloveririshpub.com\/wp-content\/uploads\/2026\/02\/Menu-bebidas-pagina-1-212x300.png 212w, https:\/\/thegoldencloveririshpub.com\/wp-content\/uploads\/2026\/02\/Menu-bebidas-pagina-1.png 1240w\" sizes=\"(max-width: 724px) 100vw, 724px\" \/><\/div>\t\t<\/div>\r\n\t<\/article>\r\n\t<article class=\"w-grid-item post-1246 attachment type-attachment status-inherit hentry\" data-id=\"1246\">\r\n\t\t<div class=\"w-grid-item-h\">\r\n\t\t\t\t\t\t\t<a class=\"w-grid-item-anchor\" href=\"https:\/\/thegoldencloveririshpub.com\/wp-content\/uploads\/2026\/02\/Menu-bebidas-pagina-2.png\" ref=\"magnificPopupGrid\" title=\"Men\u00fa bebidas p\u00e1gina 2\"><\/a>\r\n\t\t\t\t\t\t<div class=\"w-post-elm post_image usg_post_image_1 stretched\"><img decoding=\"async\" width=\"724\" height=\"1024\" src=\"https:\/\/thegoldencloveririshpub.com\/wp-content\/uploads\/2026\/02\/Menu-bebidas-pagina-2-724x1024.png\" class=\"attachment-large size-large\" alt=\"\" srcset=\"https:\/\/thegoldencloveririshpub.com\/wp-content\/uploads\/2026\/02\/Menu-bebidas-pagina-2-724x1024.png 724w, https:\/\/thegoldencloveririshpub.com\/wp-content\/uploads\/2026\/02\/Menu-bebidas-pagina-2-212x300.png 212w, https:\/\/thegoldencloveririshpub.com\/wp-content\/uploads\/2026\/02\/Menu-bebidas-pagina-2.png 1240w\" sizes=\"(max-width: 724px) 100vw, 724px\" \/><\/div>\t\t<\/div>\r\n\t<\/article>\r\n\t<article class=\"w-grid-item post-1248 attachment type-attachment status-inherit hentry\" data-id=\"1248\">\r\n\t\t<div class=\"w-grid-item-h\">\r\n\t\t\t\t\t\t\t<a class=\"w-grid-item-anchor\" href=\"https:\/\/thegoldencloveririshpub.com\/wp-content\/uploads\/2026\/02\/Menu-bebidas-pagina-3.png\" ref=\"magnificPopupGrid\" title=\"Men\u00fa bebidas p\u00e1gina 3\"><\/a>\r\n\t\t\t\t\t\t<div class=\"w-post-elm post_image usg_post_image_1 stretched\"><img decoding=\"async\" width=\"724\" height=\"1024\" src=\"https:\/\/thegoldencloveririshpub.com\/wp-content\/uploads\/2026\/02\/Menu-bebidas-pagina-3-724x1024.png\" class=\"attachment-large size-large\" alt=\"\" srcset=\"https:\/\/thegoldencloveririshpub.com\/wp-content\/uploads\/2026\/02\/Menu-bebidas-pagina-3-724x1024.png 724w, https:\/\/thegoldencloveririshpub.com\/wp-content\/uploads\/2026\/02\/Menu-bebidas-pagina-3-212x300.png 212w, https:\/\/thegoldencloveririshpub.com\/wp-content\/uploads\/2026\/02\/Menu-bebidas-pagina-3.png 1240w\" sizes=\"(max-width: 724px) 100vw, 724px\" \/><\/div>\t\t<\/div>\r\n\t<\/article>\r\n\t<article class=\"w-grid-item post-1250 attachment type-attachment status-inherit hentry\" data-id=\"1250\">\r\n\t\t<div class=\"w-grid-item-h\">\r\n\t\t\t\t\t\t\t<a class=\"w-grid-item-anchor\" href=\"https:\/\/thegoldencloveririshpub.com\/wp-content\/uploads\/2026\/02\/Menu-bebidas-pagina-4.png\" ref=\"magnificPopupGrid\" title=\"Men\u00fa bebidas p\u00e1gina 4\"><\/a>\r\n\t\t\t\t\t\t<div class=\"w-post-elm post_image usg_post_image_1 stretched\"><img decoding=\"async\" width=\"724\" height=\"1024\" src=\"https:\/\/thegoldencloveririshpub.com\/wp-content\/uploads\/2026\/02\/Menu-bebidas-pagina-4-724x1024.png\" class=\"attachment-large size-large\" alt=\"\" srcset=\"https:\/\/thegoldencloveririshpub.com\/wp-content\/uploads\/2026\/02\/Menu-bebidas-pagina-4-724x1024.png 724w, https:\/\/thegoldencloveririshpub.com\/wp-content\/uploads\/2026\/02\/Menu-bebidas-pagina-4-212x300.png 212w, https:\/\/thegoldencloveririshpub.com\/wp-content\/uploads\/2026\/02\/Menu-bebidas-pagina-4.png 1240w\" sizes=\"(max-width: 724px) 100vw, 724px\" \/><\/div>\t\t<\/div>\r\n\t<\/article>\r\n\t<article class=\"w-grid-item post-1252 attachment type-attachment status-inherit hentry\" data-id=\"1252\">\r\n\t\t<div class=\"w-grid-item-h\">\r\n\t\t\t\t\t\t\t<a class=\"w-grid-item-anchor\" href=\"https:\/\/thegoldencloveririshpub.com\/wp-content\/uploads\/2026\/02\/Menu-bebidas-pagina-5.png\" ref=\"magnificPopupGrid\" title=\"Men\u00fa bebidas p\u00e1gina 5\"><\/a>\r\n\t\t\t\t\t\t<div class=\"w-post-elm post_image usg_post_image_1 stretched\"><img decoding=\"async\" width=\"724\" height=\"1024\" src=\"https:\/\/thegoldencloveririshpub.com\/wp-content\/uploads\/2026\/02\/Menu-bebidas-pagina-5-724x1024.png\" class=\"attachment-large size-large\" alt=\"\" srcset=\"https:\/\/thegoldencloveririshpub.com\/wp-content\/uploads\/2026\/02\/Menu-bebidas-pagina-5-724x1024.png 724w, https:\/\/thegoldencloveririshpub.com\/wp-content\/uploads\/2026\/02\/Menu-bebidas-pagina-5-212x300.png 212w, https:\/\/thegoldencloveririshpub.com\/wp-content\/uploads\/2026\/02\/Menu-bebidas-pagina-5.png 1240w\" sizes=\"(max-width: 724px) 100vw, 724px\" \/><\/div>\t\t<\/div>\r\n\t<\/article>\r\n\t<article class=\"w-grid-item post-1254 attachment type-attachment status-inherit hentry\" data-id=\"1254\">\r\n\t\t<div class=\"w-grid-item-h\">\r\n\t\t\t\t\t\t\t<a class=\"w-grid-item-anchor\" href=\"https:\/\/thegoldencloveririshpub.com\/wp-content\/uploads\/2026\/02\/Menu-bebidas-pagina-6.png\" ref=\"magnificPopupGrid\" title=\"Men\u00fa bebidas p\u00e1gina 6\"><\/a>\r\n\t\t\t\t\t\t<div class=\"w-post-elm post_image usg_post_image_1 stretched\"><img decoding=\"async\" width=\"724\" height=\"1024\" src=\"https:\/\/thegoldencloveririshpub.com\/wp-content\/uploads\/2026\/02\/Menu-bebidas-pagina-6-724x1024.png\" class=\"attachment-large size-large\" alt=\"\" srcset=\"https:\/\/thegoldencloveririshpub.com\/wp-content\/uploads\/2026\/02\/Menu-bebidas-pagina-6-724x1024.png 724w, https:\/\/thegoldencloveririshpub.com\/wp-content\/uploads\/2026\/02\/Menu-bebidas-pagina-6-212x300.png 212w, https:\/\/thegoldencloveririshpub.com\/wp-content\/uploads\/2026\/02\/Menu-bebidas-pagina-6.png 1240w\" sizes=\"(max-width: 724px) 100vw, 724px\" \/><\/div>\t\t<\/div>\r\n\t<\/article>\r\n\t<article class=\"w-grid-item post-1256 attachment type-attachment status-inherit hentry\" data-id=\"1256\">\r\n\t\t<div class=\"w-grid-item-h\">\r\n\t\t\t\t\t\t\t<a class=\"w-grid-item-anchor\" href=\"https:\/\/thegoldencloveririshpub.com\/wp-content\/uploads\/2026\/02\/Menu-bebidas-pagina-7.png\" ref=\"magnificPopupGrid\" title=\"Men\u00fa bebidas p\u00e1gina 7\"><\/a>\r\n\t\t\t\t\t\t<div class=\"w-post-elm post_image usg_post_image_1 stretched\"><img decoding=\"async\" width=\"724\" height=\"1024\" src=\"https:\/\/thegoldencloveririshpub.com\/wp-content\/uploads\/2026\/02\/Menu-bebidas-pagina-7-724x1024.png\" class=\"attachment-large size-large\" alt=\"\" srcset=\"https:\/\/thegoldencloveririshpub.com\/wp-content\/uploads\/2026\/02\/Menu-bebidas-pagina-7-724x1024.png 724w, https:\/\/thegoldencloveririshpub.com\/wp-content\/uploads\/2026\/02\/Menu-bebidas-pagina-7-212x300.png 212w, https:\/\/thegoldencloveririshpub.com\/wp-content\/uploads\/2026\/02\/Menu-bebidas-pagina-7.png 1240w\" sizes=\"(max-width: 724px) 100vw, 724px\" \/><\/div>\t\t<\/div>\r\n\t<\/article>\r\n\t<article class=\"w-grid-item post-1258 attachment type-attachment status-inherit hentry\" data-id=\"1258\">\r\n\t\t<div class=\"w-grid-item-h\">\r\n\t\t\t\t\t\t\t<a class=\"w-grid-item-anchor\" href=\"https:\/\/thegoldencloveririshpub.com\/wp-content\/uploads\/2026\/02\/Menu-bebidas-pagina-8.png\" ref=\"magnificPopupGrid\" title=\"Men\u00fa bebidas p\u00e1gina 8\"><\/a>\r\n\t\t\t\t\t\t<div class=\"w-post-elm post_image usg_post_image_1 stretched\"><img decoding=\"async\" width=\"724\" height=\"1024\" src=\"https:\/\/thegoldencloveririshpub.com\/wp-content\/uploads\/2026\/02\/Menu-bebidas-pagina-8-724x1024.png\" class=\"attachment-large size-large\" alt=\"\" srcset=\"https:\/\/thegoldencloveririshpub.com\/wp-content\/uploads\/2026\/02\/Menu-bebidas-pagina-8-724x1024.png 724w, https:\/\/thegoldencloveririshpub.com\/wp-content\/uploads\/2026\/02\/Menu-bebidas-pagina-8-212x300.png 212w, https:\/\/thegoldencloveririshpub.com\/wp-content\/uploads\/2026\/02\/Menu-bebidas-pagina-8.png 1240w\" sizes=\"(max-width: 724px) 100vw, 724px\" \/><\/div>\t\t<\/div>\r\n\t<\/article>\r\n<\/div><div class=\"w-grid-preloader\"><div class=\"g-preloader type_1\">\r\n\t<div><\/div>\r\n<\/div>\r\n<\/div>\t<div class=\"w-grid-json hidden\" onclick='return {&quot;action&quot;:&quot;us_ajax_grid&quot;,&quot;ajax_url&quot;:&quot;https:\\\/\\\/thegoldencloveririshpub.com\\\/wp-admin\\\/admin-ajax.php&quot;,&quot;infinite_scroll&quot;:0,&quot;max_num_pages&quot;:1,&quot;pagination&quot;:&quot;none&quot;,&quot;permalink_url&quot;:&quot;https:\\\/\\\/thegoldencloveririshpub.com\\\/en\\\/wp-json\\\/wp\\\/v2\\\/pages\\\/1216\\\/&quot;,&quot;template_vars&quot;:{&quot;columns&quot;:&quot;3&quot;,&quot;exclude_items&quot;:&quot;none&quot;,&quot;img_size&quot;:&quot;default&quot;,&quot;ignore_items_size&quot;:0,&quot;items_layout&quot;:&quot;gallery_default&quot;,&quot;items_offset&quot;:&quot;1&quot;,&quot;load_animation&quot;:&quot;none&quot;,&quot;overriding_link&quot;:&quot;popup_post_image&quot;,&quot;post_id&quot;:1216,&quot;query_args&quot;:{&quot;post_type&quot;:[&quot;attachment&quot;],&quot;post__in&quot;:[&quot;1259&quot;,&quot;1261&quot;,&quot;1263&quot;,&quot;1265&quot;,&quot;1267&quot;,&quot;1243&quot;,&quot;1245&quot;,&quot;1247&quot;,&quot;1249&quot;,&quot;1251&quot;,&quot;1253&quot;,&quot;1255&quot;,&quot;1257&quot;],&quot;post_status&quot;:&quot;inherit&quot;,&quot;post_mime_type&quot;:&quot;image&quot;,&quot;posts_per_page&quot;:&quot;50&quot;},&quot;orderby_query_args&quot;:{&quot;orderby&quot;:{&quot;post__in&quot;:&quot;ASC&quot;},&quot;order&quot;:&quot;ASC&quot;},&quot;type&quot;:&quot;grid&quot;,&quot;us_grid_ajax_index&quot;:1,&quot;us_grid_filter_params&quot;:null,&quot;us_grid_index&quot;:1,&quot;_us_grid_post_type&quot;:&quot;attachment&quot;,&quot;lang&quot;:&quot;en&quot;}}'><\/div>\r\n\t<\/div><\/div><\/div><\/div><\/div><\/section>\n","protected":false},"excerpt":{"rendered":"","protected":false},"author":1,"featured_media":0,"parent":0,"menu_order":0,"comment_status":"closed","ping_status":"closed","template":"","meta":{"footnotes":""},"class_list":["post-1216","page","type-page","status-publish","hentry"],"yoast_head":"<!-- This site is optimized with the Yoast SEO Premium plugin v26.2 (Yoast SEO v26.2) - https:\/\/yoast.com\/wordpress\/plugins\/seo\/ -->\n<title>Menu - The Golden Clover Irish Pub - Gourmetland Tenerife<\/title>\n<meta name=\"robots\" content=\"index, follow, max-snippet:-1, max-image-preview:large, max-video-preview:-1\" \/>\n<link rel=\"canonical\" href=\"https:\/\/thegoldencloveririshpub.com\/en\/menu\/\" \/>\n<meta property=\"og:locale\" content=\"en_US\" \/>\n<meta property=\"og:type\" content=\"article\" \/>\n<meta property=\"og:title\" content=\"Menu\" \/>\n<meta property=\"og:url\" content=\"https:\/\/thegoldencloveririshpub.com\/en\/menu\/\" \/>\n<meta property=\"og:site_name\" content=\"The Golden Clover Irish Pub - Gourmetland Tenerife\" \/>\n<meta property=\"article:modified_time\" content=\"2026-02-12T12:27:49+00:00\" \/>\n<meta name=\"twitter:card\" content=\"summary_large_image\" \/>\n<meta name=\"twitter:label1\" content=\"Est. reading time\" \/>\n\t<meta name=\"twitter:data1\" content=\"1 minute\" \/>\n<script type=\"application\/ld+json\" class=\"yoast-schema-graph\">{\"@context\":\"https:\/\/schema.org\",\"@graph\":[{\"@type\":\"WebPage\",\"@id\":\"https:\/\/thegoldencloveririshpub.com\/en\/menu\/\",\"url\":\"https:\/\/thegoldencloveririshpub.com\/en\/menu\/\",\"name\":\"Menu - The Golden Clover Irish Pub - Gourmetland Tenerife\",\"isPartOf\":{\"@id\":\"https:\/\/thegoldencloveririshpub.com\/en\/#website\"},\"datePublished\":\"2025-03-05T13:36:19+00:00\",\"dateModified\":\"2026-02-12T12:27:49+00:00\",\"breadcrumb\":{\"@id\":\"https:\/\/thegoldencloveririshpub.com\/en\/menu\/#breadcrumb\"},\"inLanguage\":\"en-US\",\"potentialAction\":[{\"@type\":\"ReadAction\",\"target\":[\"https:\/\/thegoldencloveririshpub.com\/en\/menu\/\"]}]},{\"@type\":\"BreadcrumbList\",\"@id\":\"https:\/\/thegoldencloveririshpub.com\/en\/menu\/#breadcrumb\",\"itemListElement\":[{\"@type\":\"ListItem\",\"position\":1,\"name\":\"Portada\",\"item\":\"https:\/\/thegoldencloveririshpub.com\/en\/\"},{\"@type\":\"ListItem\",\"position\":2,\"name\":\"Menu\"}]},{\"@type\":\"WebSite\",\"@id\":\"https:\/\/thegoldencloveririshpub.com\/en\/#website\",\"url\":\"https:\/\/thegoldencloveririshpub.com\/en\/\",\"name\":\"The Golden Clover Irish Pub - Gourmetland Tenerife\",\"description\":\"The Golden Clover Irish Pub\",\"publisher\":{\"@id\":\"https:\/\/thegoldencloveririshpub.com\/en\/#organization\"},\"potentialAction\":[{\"@type\":\"SearchAction\",\"target\":{\"@type\":\"EntryPoint\",\"urlTemplate\":\"https:\/\/thegoldencloveririshpub.com\/en\/?s={search_term_string}\"},\"query-input\":{\"@type\":\"PropertyValueSpecification\",\"valueRequired\":true,\"valueName\":\"search_term_string\"}}],\"inLanguage\":\"en-US\"},{\"@type\":[\"Organization\",\"Place\",\"BarOrPub\"],\"@id\":\"https:\/\/thegoldencloveririshpub.com\/en\/#organization\",\"name\":\"The Golden Clover Irish Pub\",\"alternateName\":\"The Golden Clover\",\"url\":\"https:\/\/thegoldencloveririshpub.com\/en\/\",\"logo\":{\"@id\":\"https:\/\/thegoldencloveririshpub.com\/en\/menu\/#local-main-organization-logo\"},\"image\":{\"@id\":\"https:\/\/thegoldencloveririshpub.com\/en\/menu\/#local-main-organization-logo\"},\"address\":{\"@id\":\"https:\/\/thegoldencloveririshpub.com\/en\/menu\/#local-main-place-address\"},\"geo\":{\"@type\":\"GeoCoordinates\",\"latitude\":\"28.0547934\",\"longitude\":\"-16.729142217\"},\"telephone\":[],\"contactPoint\":{\"@type\":\"ContactPoint\",\"email\":\"info@thegoldencloveririshpub.com\"},\"openingHoursSpecification\":[{\"@type\":\"OpeningHoursSpecification\",\"dayOfWeek\":[\"Monday\",\"Tuesday\",\"Wednesday\",\"Thursday\",\"Friday\",\"Saturday\",\"Sunday\"],\"opens\":\"09:00\",\"closes\":\"17:00\"}],\"email\":\"info@thegoldencloveririshpub.com\",\"areaServed\":\"Tenerife\"},{\"@type\":\"PostalAddress\",\"@id\":\"https:\/\/thegoldencloveririshpub.com\/en\/menu\/#local-main-place-address\",\"streetAddress\":\"Av. las Am\u00e9ricas, 7, First floor, 38660 Playa de la Am\u00e9ricas, Santa Cruz de Tenerife\",\"addressLocality\":\"Playa de la Am\u00e9ricas\",\"postalCode\":\"38660\",\"addressCountry\":\"ES\"},{\"@type\":\"ImageObject\",\"inLanguage\":\"en-US\",\"@id\":\"https:\/\/thegoldencloveririshpub.com\/en\/menu\/#local-main-organization-logo\",\"url\":\"https:\/\/thegoldencloveririshpub.com\/wp-content\/uploads\/2024\/11\/logo-top-irish-pub.png\",\"contentUrl\":\"https:\/\/thegoldencloveririshpub.com\/wp-content\/uploads\/2024\/11\/logo-top-irish-pub.png\",\"width\":476,\"height\":474,\"caption\":\"The Golden Clover Irish Pub\"}]}<\/script>\n<meta name=\"geo.placename\" content=\"Playa de la Am\u00e9ricas\" \/>\n<meta name=\"geo.position\" content=\"28.0547934;-16.729142217\" \/>\n<meta name=\"geo.region\" content=\"Spain\" \/>\n<!-- \/ Yoast SEO Premium plugin. -->","yoast_head_json":{"title":"Menu - The Golden Clover Irish Pub - Gourmetland Tenerife","robots":{"index":"index","follow":"follow","max-snippet":"max-snippet:-1","max-image-preview":"max-image-preview:large","max-video-preview":"max-video-preview:-1"},"canonical":"https:\/\/thegoldencloveririshpub.com\/en\/menu\/","og_locale":"en_US","og_type":"article","og_title":"Menu","og_url":"https:\/\/thegoldencloveririshpub.com\/en\/menu\/","og_site_name":"The Golden Clover Irish Pub - Gourmetland Tenerife","article_modified_time":"2026-02-12T12:27:49+00:00","twitter_card":"summary_large_image","twitter_misc":{"Est. reading time":"1 minute"},"schema":{"@context":"https:\/\/schema.org","@graph":[{"@type":"WebPage","@id":"https:\/\/thegoldencloveririshpub.com\/en\/menu\/","url":"https:\/\/thegoldencloveririshpub.com\/en\/menu\/","name":"Menu - The Golden Clover Irish Pub - Gourmetland Tenerife","isPartOf":{"@id":"https:\/\/thegoldencloveririshpub.com\/en\/#website"},"datePublished":"2025-03-05T13:36:19+00:00","dateModified":"2026-02-12T12:27:49+00:00","breadcrumb":{"@id":"https:\/\/thegoldencloveririshpub.com\/en\/menu\/#breadcrumb"},"inLanguage":"en-US","potentialAction":[{"@type":"ReadAction","target":["https:\/\/thegoldencloveririshpub.com\/en\/menu\/"]}]},{"@type":"BreadcrumbList","@id":"https:\/\/thegoldencloveririshpub.com\/en\/menu\/#breadcrumb","itemListElement":[{"@type":"ListItem","position":1,"name":"Portada","item":"https:\/\/thegoldencloveririshpub.com\/en\/"},{"@type":"ListItem","position":2,"name":"Menu"}]},{"@type":"WebSite","@id":"https:\/\/thegoldencloveririshpub.com\/en\/#website","url":"https:\/\/thegoldencloveririshpub.com\/en\/","name":"The Golden Clover Irish Pub - Gourmetland Tenerife","description":"The Golden Clover Irish Pub","publisher":{"@id":"https:\/\/thegoldencloveririshpub.com\/en\/#organization"},"potentialAction":[{"@type":"SearchAction","target":{"@type":"EntryPoint","urlTemplate":"https:\/\/thegoldencloveririshpub.com\/en\/?s={search_term_string}"},"query-input":{"@type":"PropertyValueSpecification","valueRequired":true,"valueName":"search_term_string"}}],"inLanguage":"en-US"},{"@type":["Organization","Place","BarOrPub"],"@id":"https:\/\/thegoldencloveririshpub.com\/en\/#organization","name":"The Golden Clover Irish Pub","alternateName":"The Golden Clover","url":"https:\/\/thegoldencloveririshpub.com\/en\/","logo":{"@id":"https:\/\/thegoldencloveririshpub.com\/en\/menu\/#local-main-organization-logo"},"image":{"@id":"https:\/\/thegoldencloveririshpub.com\/en\/menu\/#local-main-organization-logo"},"address":{"@id":"https:\/\/thegoldencloveririshpub.com\/en\/menu\/#local-main-place-address"},"geo":{"@type":"GeoCoordinates","latitude":"28.0547934","longitude":"-16.729142217"},"telephone":[],"contactPoint":{"@type":"ContactPoint","email":"info@thegoldencloveririshpub.com"},"openingHoursSpecification":[{"@type":"OpeningHoursSpecification","dayOfWeek":["Monday","Tuesday","Wednesday","Thursday","Friday","Saturday","Sunday"],"opens":"09:00","closes":"17:00"}],"email":"info@thegoldencloveririshpub.com","areaServed":"Tenerife"},{"@type":"PostalAddress","@id":"https:\/\/thegoldencloveririshpub.com\/en\/menu\/#local-main-place-address","streetAddress":"Av. las Am\u00e9ricas, 7, First floor, 38660 Playa de la Am\u00e9ricas, Santa Cruz de Tenerife","addressLocality":"Playa de la Am\u00e9ricas","postalCode":"38660","addressCountry":"ES"},{"@type":"ImageObject","inLanguage":"en-US","@id":"https:\/\/thegoldencloveririshpub.com\/en\/menu\/#local-main-organization-logo","url":"https:\/\/thegoldencloveririshpub.com\/wp-content\/uploads\/2024\/11\/logo-top-irish-pub.png","contentUrl":"https:\/\/thegoldencloveririshpub.com\/wp-content\/uploads\/2024\/11\/logo-top-irish-pub.png","width":476,"height":474,"caption":"The Golden Clover Irish Pub"}]},"geo.placename":"Playa de la Am\u00e9ricas","geo.position":{"lat":"28.0547934","long":"-16.729142217"},"geo.region":"Spain"},"_links":{"self":[{"href":"https:\/\/thegoldencloveririshpub.com\/en\/wp-json\/wp\/v2\/pages\/1216","targetHints":{"allow":["GET"]}}],"collection":[{"href":"https:\/\/thegoldencloveririshpub.com\/en\/wp-json\/wp\/v2\/pages"}],"about":[{"href":"https:\/\/thegoldencloveririshpub.com\/en\/wp-json\/wp\/v2\/types\/page"}],"author":[{"embeddable":true,"href":"https:\/\/thegoldencloveririshpub.com\/en\/wp-json\/wp\/v2\/users\/1"}],"replies":[{"embeddable":true,"href":"https:\/\/thegoldencloveririshpub.com\/en\/wp-json\/wp\/v2\/comments?post=1216"}],"version-history":[{"count":0,"href":"https:\/\/thegoldencloveririshpub.com\/en\/wp-json\/wp\/v2\/pages\/1216\/revisions"}],"wp:attachment":[{"href":"https:\/\/thegoldencloveririshpub.com\/en\/wp-json\/wp\/v2\/media?parent=1216"}],"curies":[{"name":"wp","href":"https:\/\/api.w.org\/{rel}","templated":true}]}}